{"id":33,"date":"2024-01-28T21:06:04","date_gmt":"2024-01-28T21:06:04","guid":{"rendered":"https:\/\/schaanning.dk\/wordpress\/?page_id=33"},"modified":"2024-01-31T23:16:55","modified_gmt":"2024-01-31T23:16:55","slug":"about2","status":"publish","type":"page","link":"https:\/\/schaanning.dk\/wordpress\/about2\/","title":{"rendered":"Om mig"},"content":{"rendered":"\n<p>Velkommen til Schaanning.dk! <\/p>\n\n\n\n<p>Mit navn er Rolf W. Schaanning, jeg er 48 \u00e5r gammel, og bor sammen med min kone lidt uden for Randers. Til daglig arbejder jeg indenfor IT branchen som systemudvikler. Men denne blog handler om mine mange oplevelser ifm. vandre og E-mtb cykelture. Jeg vil dele b\u00e5de gamle ture, som jeg har v\u00e6ret p\u00e5 gennem de sidste mange \u00e5r, samt nye ture i takt med at jeg kommer p\u00e5 disse. Jeg er begyndt p\u00e5 mine E-mtb ture i sommeren 2020, og det er nu p\u00e5 E-mtb de fleste af mine ture foreg\u00e5r, mens vandreture er noget jeg har gjort de sidste ca. 20 \u00e5r. Mine ture foreg\u00e5r mest her i Danmark, men n\u00e6sten hver sommer og efter\u00e5rsferie i lige s\u00e5 mange \u00e5r, er blevet afholdt i specielt Oetztal i Tirol i \u00d8strig, hvor jeg har haft over 100 overnatninger i byen Oetz, hvilket har givet mig et indg\u00e5ende kendskab til dette omr\u00e5de, hvor jeg kender et utal af vandre og cykelruter. Men jeg har ogs\u00e5 holdt ferie og v\u00e6ret p\u00e5 ture mange andre steder i \u00d8strig samt i den tyske del af alperne. <\/p>\n\n\n\n<p>Jeg h\u00e5ber, at jeg med denne blog, hvor jeg beskriver mine ture, kan v\u00e6re med til at inspirerer andre til selv at komme ud p\u00e5 tur i s\u00e5vel Danmark som i Alperegionen. Der venter et utal af fantastiske oplevelser der ude.<\/p>\n","protected":false},"excerpt":{"rendered":"<p>Velkommen til Schaanning.dk! Mit navn er Rolf W. Schaanning, jeg er 48 \u00e5r gammel, og bor sammen med min kone lidt uden [&hellip;]<\/p>\n","protected":false},"author":1,"featured_media":0,"parent":0,"menu_order":0,"comment_status":"closed","ping_status":"closed","template":"","meta":{"footnotes":""},"class_list":{"0":"post-33","1":"page","2":"type-page","3":"status-publish","5":"col-md-6 col-sm-6"},"_links":{"self":[{"href":"https:\/\/schaanning.dk\/wordpress\/wp-json\/wp\/v2\/pages\/33","targetHints":{"allow":["GET"]}}],"collection":[{"href":"https:\/\/schaanning.dk\/wordpress\/wp-json\/wp\/v2\/pages"}],"about":[{"href":"https:\/\/schaanning.dk\/wordpress\/wp-json\/wp\/v2\/types\/page"}],"author":[{"embeddable":true,"href":"https:\/\/schaanning.dk\/wordpress\/wp-json\/wp\/v2\/users\/1"}],"replies":[{"embeddable":true,"href":"https:\/\/schaanning.dk\/wordpress\/wp-json\/wp\/v2\/comments?post=33"}],"version-history":[{"count":4,"href":"https:\/\/schaanning.dk\/wordpress\/wp-json\/wp\/v2\/pages\/33\/revisions"}],"predecessor-version":[{"id":98,"href":"https:\/\/schaanning.dk\/wordpress\/wp-json\/wp\/v2\/pages\/33\/revisions\/98"}],"wp:attachment":[{"href":"https:\/\/schaanning.dk\/wordpress\/wp-json\/wp\/v2\/media?parent=33"}],"curies":[{"name":"wp","href":"https:\/\/api.w.org\/{rel}","templated":true}]}}